{"id":1540,"date":"2020-02-26T12:57:54","date_gmt":"2020-02-26T12:57:54","guid":{"rendered":"https:\/\/burning-sound.de\/startseite\/?page_id=1540"},"modified":"2020-03-05T11:07:57","modified_gmt":"2020-03-05T11:07:57","slug":"agbs","status":"publish","type":"page","link":"https:\/\/burning-sound.de\/startseite\/agbs\/","title":{"rendered":"AGB&#8217;s"},"content":{"rendered":"<div id=\"pl-1540\"  class=\"panel-layout\" ><div id=\"pg-1540-0\"  class=\"panel-grid panel-no-style\" ><div id=\"pgc-1540-0-0\"  class=\"panel-grid-cell\" ><div id=\"panel-1540-0-0-0\" class=\"so-panel widget widget_text panel-first-child panel-last-child\" data-index=\"0\" >\t\t\t<div class=\"textwidget\"><p><strong>AGB<\/strong><\/p>\n<ol>\n<li><strong>Angebote<\/strong><br \/>\n1.1 Reservierungen<br \/>\nSofern im Angebot kein Reservierungszeitraum genannt ist, sind Angebote freibleibend.<br \/>\n1.2 Preisbindung<br \/>\nSofern keine besondere Bindefrist vereinbart wurde, halten wir uns 14 Tage an den abgegebenen Preis gebunden.<\/li>\n<li><strong>Haftung<\/strong><br \/>\nNach \u00dcbergabe der Mietsache (Abschluss des Aufbaus bis Beginn des Abbaus), im Fall von Selbstabholung oder Materialanlieferung, ab Herausgabe der Mietsache bis R\u00fccknahme, haftet der Mieter im vollen Umfang.<br \/>\nDie Haftung des Mieters bezieht sich auf alle Gefahren und Ursachen f\u00fcr Besch\u00e4digung und\/oder Verlust. Die Haftung erfolgt bei Verlust oder Totalschaden in H\u00f6he des Neuwertes, bei Teilsch\u00e4den in H\u00f6he der Reparaturkosten oder Ersatzbeschaffungskosten jeweils zuz\u00fcglich Beschaffungskosten und Nutzungsausfall bzw. Fremdbeschaffung (Anmietung) bis zur endg\u00fcltigen Neu- bzw. Ersatzbeschaffung.<\/li>\n<li><strong>Versicherung<\/strong><br \/>\nZur Minderung des Risikos aus Punkt 2 empfehlen wir den Abschluss einer geeigneten Versicherung.<\/li>\n<li><strong>Personal<\/strong><br \/>\nSofern der Mietvertrag die Gestellung von Personal f\u00fcr Auf- und Abbau oder auch Bewachung vorsieht, hat der Mieter dieses auf eigene Kosten bereitzustellen. Nicht vorhandenes Personal wird mit Euro 30,-\/Stunde berechnet.<\/li>\n<li><strong>Zahlung<\/strong><br \/>\nDie in unseren Best\u00e4tigungen und\/oder Rechnungen genannten Zahlungsziele sind verbindlich.<\/li>\n<li><strong>R\u00fccktritt<\/strong><br \/>\nIm Falle des R\u00fccktritts durch den Mieter entstehen die folgenden Stornokosten:<br \/>\nbis 30 Tage vor Auftragsbeginn 20% der Vertragssumme,<br \/>\nbis 15 Tage vor Auftragsbeginn 40% der Vertragssumme,<br \/>\nbis 7 Tage vor Auftragsbeginn 60% der Vertragssumme, danach ist die volle Vertragssumme f\u00e4llig.<\/li>\n<li><strong>Besondere<\/strong> Obliegenheiten des Mieters<br \/>\n7.1 Sturm\/Wind<br \/>\nDer Mieter sorgt w\u00e4hrend der Mietdauer f\u00fcr die Sturm- und Windsicherung der gemieteten Sache.<br \/>\n7.2 Beh\u00f6rden<br \/>\nDer Mieter sorgt eigenst\u00e4ndig f\u00fcr s\u00e4mtliche Genehmigungen, Zulassungen und Konzessionen.<br \/>\n7.3 Strom<br \/>\nDer Mieter sorgt f\u00fcr ordnungsgem\u00e4\u00dfe Erdung und Verstromung der Aufbauten durch einen Elektromeister.<\/li>\n<li><strong>Zahlungsverzug<\/strong><br \/>\n8.1 Der Vermieter ist berechtigt im Falle des Zahlungsverzuges Verzugszinsen in H\u00f6he von 8 Prozentpunkten \u00fcber dem Basiszinssatz zu berechnen, es sei denn es handelt sich bei dem Mieter um einen Verbraucher im Sinne des BGB. Bei diesem wird der Vermieter Verzugszinsen in H\u00f6he von 5% berechnen.<br \/>\n8.2 Ist der Mieter mit seiner Zahlung im Verzug, so entbindet dies den Vermieter von seiner Leistungspflicht, ohne den Anspruch auf Zahlung zu verlieren.<\/li>\n<li><strong>\u00c4nderungen<\/strong><br \/>\nVertrags\u00e4nderungen jedweder Art bed\u00fcrfen der Schriftform.<\/li>\n<li><strong>Ersatz<\/strong><br \/>\nSollte dem Vermieter durch nicht vorhersehbare Ereignisse die Erbringung seiner Leistung unm\u00f6glich sein, so verpflichtet sich dieser, eine gleichwertige Ersatzleistung zu erbringen.<\/li>\n<li><strong>Gerichtsstand,<\/strong> anwendbares Recht<br \/>\nGerichtsstand ist Halle (Westfalen). Es gilt das Recht der Bundesrepublik Deutschland.<\/li>\n<li><strong>Salvatorische Klausel<\/strong><br \/>\nSollte eine der Bestimmungen des Vertrages oder dieser Bedingung nicht g\u00fcltig sein, oder der rechtlichen Wirksamkeit entbehren, so bleibt die Wirksamkeit des Restvertrages im \u00fcbrigen unber\u00fchrt. An Stelle der ung\u00fcltigen Regelung tritt die von den Vertragspartnern als gewollt angenommene Regelung.<\/li>\n<\/ol>\n<p>&nbsp;<\/p>\n<\/div>\n\t\t<\/div><\/div><\/div><\/div>","protected":false},"excerpt":{"rendered":"<p>AGB Angebote 1.1 Reservierungen Sofern im Angebot kein Reservierungszeitraum genannt ist, sind Angebote freibleibend. 1.2 Preisbindung Sofern keine besondere Bindefrist vereinbart wurde, halten wir uns 14 Tage an den abgegebenen Preis gebunden. Haftung Nach \u00dcbergabe der Mietsache (Abschluss des Aufbaus bis Beginn des Abbaus), im Fall von Selbstabholung oder Materialanlieferung, ab Herausgabe der Mietsache bis R\u00fccknahme, haftet der Mieter im&hellip;<\/p>\n","protected":false},"author":1,"featured_media":0,"parent":0,"menu_order":0,"comment_status":"closed","ping_status":"closed","template":"","meta":{"footnotes":""},"class_list":["post-1540","page","type-page","status-publish","hentry"],"_links":{"self":[{"href":"https:\/\/burning-sound.de\/startseite\/wp-json\/wp\/v2\/pages\/1540"}],"collection":[{"href":"https:\/\/burning-sound.de\/startseite\/wp-json\/wp\/v2\/pages"}],"about":[{"href":"https:\/\/burning-sound.de\/startseite\/wp-json\/wp\/v2\/types\/page"}],"author":[{"embeddable":true,"href":"https:\/\/burning-sound.de\/startseite\/wp-json\/wp\/v2\/users\/1"}],"replies":[{"embeddable":true,"href":"https:\/\/burning-sound.de\/startseite\/wp-json\/wp\/v2\/comments?post=1540"}],"version-history":[{"count":2,"href":"https:\/\/burning-sound.de\/startseite\/wp-json\/wp\/v2\/pages\/1540\/revisions"}],"predecessor-version":[{"id":1552,"href":"https:\/\/burning-sound.de\/startseite\/wp-json\/wp\/v2\/pages\/1540\/revisions\/1552"}],"wp:attachment":[{"href":"https:\/\/burning-sound.de\/startseite\/wp-json\/wp\/v2\/media?parent=1540"}],"curies":[{"name":"wp","href":"https:\/\/api.w.org\/{rel}","templated":true}]}}